{"id":12644,"date":"2026-02-05T11:37:16","date_gmt":"2026-02-05T10:37:16","guid":{"rendered":"https:\/\/pomi.dk\/zubehoer\/"},"modified":"2026-03-30T13:46:50","modified_gmt":"2026-03-30T11:46:50","slug":"zubehoer","status":"publish","type":"page","link":"https:\/\/pomi.dk\/de\/zubehoer\/","title":{"rendered":"Zubeh\u00f6r"},"content":{"rendered":"\t\t<div data-elementor-type=\"wp-page\" data-elementor-id=\"12644\" class=\"elementor elementor-12644 elementor-10258\" data-elementor-post-type=\"page\">\n\t\t\t\t<div class=\"elementor-element elementor-element-2bc4b5ab white e-flex e-con-boxed e-con e-parent\" data-id=\"2bc4b5ab\" data-element_type=\"container\" data-e-type=\"container\" data-settings=\"{&quot;background_background&quot;:&quot;classic&quot;}\">\n\t\t\t\t\t<div class=\"e-con-inner\">\n\t\t\t\t\t<\/div>\n\t\t\t\t<\/div>\n\t\t<div class=\"elementor-element elementor-element-e6cf15b e-flex e-con-boxed e-con e-parent\" data-id=\"e6cf15b\" data-element_type=\"container\" data-e-type=\"container\">\n\t\t\t\t\t<div class=\"e-con-inner\">\n\t\t<div class=\"elementor-element elementor-element-28a35bd e-con-full no-padding e-flex e-con e-child\" data-id=\"28a35bd\" data-element_type=\"container\" data-e-type=\"container\">\n\t\t<div class=\"elementor-element elementor-element-ec9bf65 e-con-full animated-fast e-flex elementor-invisible e-con e-child\" data-id=\"ec9bf65\" data-element_type=\"container\" data-e-type=\"container\" data-settings=\"{&quot;animation&quot;:&quot;slideInLeft&quot;}\">\n\t\t\t\t<div class=\"elementor-element elementor-element-3935fbe elementor-widget elementor-widget-heading\" data-id=\"3935fbe\" data-element_type=\"widget\" data-e-type=\"widget\" data-widget_type=\"heading.default\">\n\t\t\t\t<div class=\"elementor-widget-container\">\n\t\t\t\t\t<h2 class=\"elementor-heading-title elementor-size-default\">Gro\u00dfe Auswahl an Zubeh\u00f6r f\u00fcr Landmaschinen<\/h2>\t\t\t\t<\/div>\n\t\t\t\t<\/div>\n\t\t\t\t<\/div>\n\t\t<div class=\"elementor-element elementor-element-2bb0edf e-con-full animated-fast e-flex elementor-invisible e-con e-child\" data-id=\"2bb0edf\" data-element_type=\"container\" data-e-type=\"container\" data-settings=\"{&quot;animation&quot;:&quot;slideInRight&quot;}\">\n\t\t\t\t<div class=\"elementor-element elementor-element-3c2fa88 elementor-widget elementor-widget-text-editor\" data-id=\"3c2fa88\" data-element_type=\"widget\" data-e-type=\"widget\" data-widget_type=\"text-editor.default\">\n\t\t\t\t<div class=\"elementor-widget-container\">\n\t\t\t\t\t\t\t\t\t<div class=\"column step-3-12\"><div id=\"site-container-51\" class=\"Container ModuleElement Textarea con-52 \" data-snap=\"1\" data-containertype=\"Textarea\" data-moduleelement=\"32\"><div class=\"Module-32 Textarea\"><p>Bei POMI Industri Aps finden Sie ein breites Sortiment an Zubeh\u00f6r f\u00fcr Landmaschinen, darunter Bindegarn, Rundballennetze, Wickelfolie und Breitfolie. Wir beraten Sie gerne bei der Auswahl des passenden Zubeh\u00f6rs f\u00fcr Ihre Maschine oder Ihre individuellen Bed\u00fcrfnisse. <\/p><\/div><\/div><\/div>\t\t\t\t\t\t\t\t<\/div>\n\t\t\t\t<\/div>\n\t\t<div class=\"elementor-element elementor-element-cbe0177 e-con-full e-flex e-con e-child\" data-id=\"cbe0177\" data-element_type=\"container\" data-e-type=\"container\">\n\t\t\t\t<div class=\"elementor-element elementor-element-8073fad cta elementor-mobile-align-justify elementor-widget-mobile__width-inherit elementor-widget elementor-widget-button\" data-id=\"8073fad\" data-element_type=\"widget\" data-e-type=\"widget\" data-widget_type=\"button.default\">\n\t\t\t\t<div class=\"elementor-widget-container\">\n\t\t\t\t\t\t\t\t\t<div class=\"elementor-button-wrapper\">\n\t\t\t\t\t<a class=\"elementor-button elementor-button-link elementor-size-sm\" href=\"https:\/\/pomi.dk\/de\/kontakt\/\">\n\t\t\t\t\t\t<span class=\"elementor-button-content-wrapper\">\n\t\t\t\t\t\t\t\t\t<span class=\"elementor-button-text\">Kontaktieren Sie uns<\/span>\n\t\t\t\t\t<\/span>\n\t\t\t\t\t<\/a>\n\t\t\t\t<\/div>\n\t\t\t\t\t\t\t\t<\/div>\n\t\t\t\t<\/div>\n\t\t\t\t<div class=\"elementor-element elementor-element-df65bda elementor-mobile-align-justify elementor-widget-mobile__width-inherit border elementor-widget elementor-widget-button\" data-id=\"df65bda\" data-element_type=\"widget\" data-e-type=\"widget\" data-widget_type=\"button.default\">\n\t\t\t\t<div class=\"elementor-widget-container\">\n\t\t\t\t\t\t\t\t\t<div class=\"elementor-button-wrapper\">\n\t\t\t\t\t<a class=\"elementor-button elementor-button-link elementor-size-sm\" href=\"https:\/\/pomi.dk\/de\/produkte\/\">\n\t\t\t\t\t\t<span class=\"elementor-button-content-wrapper\">\n\t\t\t\t\t\t\t\t\t<span class=\"elementor-button-text\">Produkte ansehen<\/span>\n\t\t\t\t\t<\/span>\n\t\t\t\t\t<\/a>\n\t\t\t\t<\/div>\n\t\t\t\t\t\t\t\t<\/div>\n\t\t\t\t<\/div>\n\t\t\t\t<\/div>\n\t\t\t\t<\/div>\n\t\t\t\t<\/div>\n\t\t\t\t\t<\/div>\n\t\t\t\t<\/div>\n\t\t<div class=\"elementor-element elementor-element-09f3492 light e-flex e-con-boxed e-con e-parent\" data-id=\"09f3492\" data-element_type=\"container\" data-e-type=\"container\">\n\t\t\t\t\t<div class=\"e-con-inner\">\n\t\t<div class=\"elementor-element elementor-element-5957c3b e-con-full e-flex e-con e-child\" data-id=\"5957c3b\" data-element_type=\"container\" data-e-type=\"container\">\n\t\t\t\t<div class=\"elementor-element elementor-element-a7c77e2 elementor-widget elementor-widget-heading\" data-id=\"a7c77e2\" data-element_type=\"widget\" data-e-type=\"widget\" data-widget_type=\"heading.default\">\n\t\t\t\t<div class=\"elementor-widget-container\">\n\t\t\t\t\t<h2 class=\"elementor-heading-title elementor-size-default\">Unser Zubeh\u00f6r<\/h2>\t\t\t\t<\/div>\n\t\t\t\t<\/div>\n\t\t\t\t<\/div>\n\t\t<div class=\"elementor-element elementor-element-9f91786 e-con-full e-flex e-con e-child\" data-id=\"9f91786\" data-element_type=\"container\" data-e-type=\"container\">\n\t\t<div class=\"elementor-element elementor-element-de4fc77 e-con-full e-flex e-con e-child\" data-id=\"de4fc77\" data-element_type=\"container\" data-e-type=\"container\">\n\t\t\t\t<div class=\"elementor-element elementor-element-f174269 elementor-cta--skin-cover elementor-cta--valign-bottom elementor-widget__width-initial elementor-widget-mobile__width-inherit elementor-bg-transform elementor-bg-transform-zoom-in elementor-widget elementor-widget-call-to-action\" data-id=\"f174269\" data-element_type=\"widget\" data-e-type=\"widget\" data-widget_type=\"call-to-action.default\">\n\t\t\t\t<div class=\"elementor-widget-container\">\n\t\t\t\t\t\t\t<a class=\"elementor-cta\" href=\"https:\/\/pomi.dk\/wrap-plastic\/\">\n\t\t\t\t\t<div class=\"elementor-cta__bg-wrapper\">\n\t\t\t\t<div class=\"elementor-cta__bg elementor-bg\" style=\"background-image: url(https:\/\/pomi.dk\/wp-content\/uploads\/2026\/03\/Triowrap-Charity-6-scaled.jpg);\" role=\"img\" aria-label=\"Triowrap Charity (6)\"><\/div>\n\t\t\t\t<div class=\"elementor-cta__bg-overlay\"><\/div>\n\t\t\t<\/div>\n\t\t\t\t\t\t\t<div class=\"elementor-cta__content\">\n\t\t\t\t\n\t\t\t\t\t\t\t\t\t<h3 class=\"elementor-cta__title elementor-cta__content-item elementor-content-item\">\n\t\t\t\t\t\tGeschenkfolie\t\t\t\t\t<\/h3>\n\t\t\t\t\n\t\t\t\t\t\t\t\t\t<span class=\"elementor-cta__description elementor-cta__content-item elementor-content-item\">\n\t\t\t\t\t\tEine g\u00fcnstigere Methode zur Lagerung von Strohballen\t\t\t\t\t<\/span>\n\t\t\t\t\n\t\t\t\t\t\t\t<\/div>\n\t\t\t\t\t\t<\/a>\n\t\t\t\t\t\t<\/div>\n\t\t\t\t<\/div>\n\t\t\t\t<div class=\"elementor-element elementor-element-7072553 elementor-cta--skin-cover elementor-cta--valign-bottom elementor-widget__width-initial elementor-widget-mobile__width-inherit elementor-bg-transform elementor-bg-transform-zoom-in elementor-widget elementor-widget-call-to-action\" data-id=\"7072553\" data-element_type=\"widget\" data-e-type=\"widget\" data-widget_type=\"call-to-action.default\">\n\t\t\t\t<div class=\"elementor-widget-container\">\n\t\t\t\t\t\t\t<a class=\"elementor-cta\" href=\"https:\/\/pomi.dk\/produkter\/bindegarn\/\">\n\t\t\t\t\t<div class=\"elementor-cta__bg-wrapper\">\n\t\t\t\t<div class=\"elementor-cta__bg elementor-bg\" style=\"background-image: url(https:\/\/pomi.dk\/wp-content\/uploads\/2026\/03\/IMG_0991-scaled.jpg);\" role=\"img\" aria-label=\"IMG_0991\"><\/div>\n\t\t\t\t<div class=\"elementor-cta__bg-overlay\"><\/div>\n\t\t\t<\/div>\n\t\t\t\t\t\t\t<div class=\"elementor-cta__content\">\n\t\t\t\t\n\t\t\t\t\t\t\t\t\t<h3 class=\"elementor-cta__title elementor-cta__content-item elementor-content-item\">\n\t\t\t\t\t\tSchnur\t\t\t\t\t<\/h3>\n\t\t\t\t\n\t\t\t\t\t\t\t\t\t<span class=\"elementor-cta__description elementor-cta__content-item elementor-content-item\">\n\t\t\t\t\t\tDer rote Faden, der alles zusammenh\u00e4lt\t\t\t\t\t<\/span>\n\t\t\t\t\n\t\t\t\t\t\t\t<\/div>\n\t\t\t\t\t\t<\/a>\n\t\t\t\t\t\t<\/div>\n\t\t\t\t<\/div>\n\t\t\t\t<div class=\"elementor-element elementor-element-92c2fdd elementor-cta--skin-cover elementor-cta--valign-bottom elementor-widget__width-initial elementor-widget-mobile__width-inherit elementor-bg-transform elementor-bg-transform-zoom-in elementor-widget elementor-widget-call-to-action\" data-id=\"92c2fdd\" data-element_type=\"widget\" data-e-type=\"widget\" data-widget_type=\"call-to-action.default\">\n\t\t\t\t<div class=\"elementor-widget-container\">\n\t\t\t\t\t\t\t<a class=\"elementor-cta\" href=\"https:\/\/pomi.dk\/produkter\/rundballenet\/\">\n\t\t\t\t\t<div class=\"elementor-cta__bg-wrapper\">\n\t\t\t\t<div class=\"elementor-cta__bg elementor-bg\" style=\"background-image: url(https:\/\/pomi.dk\/wp-content\/uploads\/2026\/03\/bale-of-hay-5930767_1280.jpg);\" role=\"img\" aria-label=\"bale-of-hay-5930767_1280\"><\/div>\n\t\t\t\t<div class=\"elementor-cta__bg-overlay\"><\/div>\n\t\t\t<\/div>\n\t\t\t\t\t\t\t<div class=\"elementor-cta__content\">\n\t\t\t\t\n\t\t\t\t\t\t\t\t\t<h3 class=\"elementor-cta__title elementor-cta__content-item elementor-content-item\">\n\t\t\t\t\t\tRundballennetz\t\t\t\t\t<\/h3>\n\t\t\t\t\n\t\t\t\t\t\t\t\t\t<span class=\"elementor-cta__description elementor-cta__content-item elementor-content-item\">\n\t\t\t\t\t\tRundballennetz von bester Qualit\u00e4t\t\t\t\t\t<\/span>\n\t\t\t\t\n\t\t\t\t\t\t\t<\/div>\n\t\t\t\t\t\t<\/a>\n\t\t\t\t\t\t<\/div>\n\t\t\t\t<\/div>\n\t\t\t\t<\/div>\n\t\t<div class=\"elementor-element elementor-element-139eea2 e-con-full e-flex e-con e-child\" data-id=\"139eea2\" data-element_type=\"container\" data-e-type=\"container\">\n\t\t\t\t<div class=\"elementor-element elementor-element-690bd60 elementor-cta--skin-cover elementor-cta--valign-bottom elementor-widget__width-initial elementor-widget-mobile__width-inherit elementor-bg-transform elementor-bg-transform-zoom-in elementor-widget elementor-widget-call-to-action\" data-id=\"690bd60\" data-element_type=\"widget\" data-e-type=\"widget\" data-widget_type=\"call-to-action.default\">\n\t\t\t\t<div class=\"elementor-widget-container\">\n\t\t\t\t\t\t\t<a class=\"elementor-cta\" href=\"https:\/\/pomi.dk\/tilbehoer\/bredfolie\/\">\n\t\t\t\t\t<div class=\"elementor-cta__bg-wrapper\">\n\t\t\t\t<div class=\"elementor-cta__bg elementor-bg\" style=\"background-image: url(https:\/\/pomi.dk\/wp-content\/uploads\/2026\/02\/bredfolie2_4049_1054.jpg);\" role=\"img\" aria-label=\"bredfolie2_4049_1054\"><\/div>\n\t\t\t\t<div class=\"elementor-cta__bg-overlay\"><\/div>\n\t\t\t<\/div>\n\t\t\t\t\t\t\t<div class=\"elementor-cta__content\">\n\t\t\t\t\n\t\t\t\t\t\t\t\t\t<h3 class=\"elementor-cta__title elementor-cta__content-item elementor-content-item\">\n\t\t\t\t\t\tBreite Folie  \t\t\t\t\t<\/h3>\n\t\t\t\t\n\t\t\t\t\t\t\t\t\t<span class=\"elementor-cta__description elementor-cta__content-item elementor-content-item\">\n\t\t\t\t\t\tBreitfl\u00e4chige Folien und Silofolie f\u00fcr alle Bed\u00fcrfnisse\t\t\t\t\t<\/span>\n\t\t\t\t\n\t\t\t\t\t\t\t<\/div>\n\t\t\t\t\t\t<\/a>\n\t\t\t\t\t\t<\/div>\n\t\t\t\t<\/div>\n\t\t\t\t<div class=\"elementor-element elementor-element-e8af54b elementor-cta--skin-cover elementor-cta--valign-bottom elementor-widget__width-initial elementor-widget-mobile__width-inherit elementor-bg-transform elementor-bg-transform-zoom-in elementor-widget elementor-widget-call-to-action\" data-id=\"e8af54b\" data-element_type=\"widget\" data-e-type=\"widget\" data-widget_type=\"call-to-action.default\">\n\t\t\t\t<div class=\"elementor-widget-container\">\n\t\t\t\t\t\t\t<a class=\"elementor-cta\" href=\"https:\/\/pomi.dk\/tilbehoer\/klovbeskaering\/\">\n\t\t\t\t\t<div class=\"elementor-cta__bg-wrapper\">\n\t\t\t\t<div class=\"elementor-cta__bg elementor-bg\" style=\"background-image: url(https:\/\/pomi.dk\/wp-content\/uploads\/2026\/02\/img_0332-2_1449.jpg);\" role=\"img\" aria-label=\"img_0332-(2)_1449\"><\/div>\n\t\t\t\t<div class=\"elementor-cta__bg-overlay\"><\/div>\n\t\t\t<\/div>\n\t\t\t\t\t\t\t<div class=\"elementor-cta__content\">\n\t\t\t\t\n\t\t\t\t\t\t\t\t\t<h3 class=\"elementor-cta__title elementor-cta__content-item elementor-content-item\">\n\t\t\t\t\t\tHufpflege\t\t\t\t\t<\/h3>\n\t\t\t\t\n\t\t\t\t\t\t\t\t\t<span class=\"elementor-cta__description elementor-cta__content-item elementor-content-item\">\n\t\t\t\t\t\tVerschlei\u00dfteile f\u00fcr die Hufpflege\t\t\t\t\t<\/span>\n\t\t\t\t\n\t\t\t\t\t\t\t<\/div>\n\t\t\t\t\t\t<\/a>\n\t\t\t\t\t\t<\/div>\n\t\t\t\t<\/div>\n\t\t\t\t<div class=\"elementor-element elementor-element-50a3021 elementor-cta--skin-cover elementor-cta--valign-bottom elementor-widget__width-initial elementor-widget-mobile__width-inherit elementor-bg-transform elementor-bg-transform-zoom-in elementor-widget elementor-widget-call-to-action\" data-id=\"50a3021\" data-element_type=\"widget\" data-e-type=\"widget\" data-widget_type=\"call-to-action.default\">\n\t\t\t\t<div class=\"elementor-widget-container\">\n\t\t\t\t\t\t\t<a class=\"elementor-cta\" href=\"https:\/\/pomi.dk\/produkter\/\">\n\t\t\t\t\t<div class=\"elementor-cta__bg-wrapper\">\n\t\t\t\t<div class=\"elementor-cta__bg elementor-bg\" style=\"background-image: url();\" role=\"img\" aria-label=\"\"><\/div>\n\t\t\t\t<div class=\"elementor-cta__bg-overlay\"><\/div>\n\t\t\t<\/div>\n\t\t\t\t\t\t\t\t<\/a>\n\t\t\t\t\t\t<\/div>\n\t\t\t\t<\/div>\n\t\t\t\t<\/div>\n\t\t\t\t<\/div>\n\t\t\t\t\t<\/div>\n\t\t\t\t<\/div>\n\t\t\t\t<\/div>\n\t\t","protected":false},"excerpt":{"rendered":"<p>Gro\u00dfe Auswahl an Zubeh\u00f6r f\u00fcr Landmaschinen Bei POMI Industri Aps finden Sie ein breites Sortiment an Zubeh\u00f6r f\u00fcr Landmaschinen, darunter Bindegarn, Rundballennetze, Wickelfolie und Breitfolie. Wir beraten Sie gerne bei der Auswahl des passenden Zubeh\u00f6rs f\u00fcr Ihre Maschine oder Ihre individuellen Bed\u00fcrfnisse. Kontaktieren Sie uns Produkte ansehen Unser Zubeh\u00f6r Geschenkfolie Eine g\u00fcnstigere Methode zur Lagerung &#8230; <a title=\"Zubeh\u00f6r\" class=\"read-more\" href=\"https:\/\/pomi.dk\/de\/zubehoer\/\" aria-label=\"Read more about Zubeh\u00f6r\">Weiterlesen &#8230;<\/a><\/p>\n","protected":false},"author":1,"featured_media":0,"parent":0,"menu_order":0,"comment_status":"closed","ping_status":"closed","template":"","meta":{"_acf_changed":false,"footnotes":""},"categories":[],"class_list":["post-12644","page","type-page","status-publish"],"acf":[],"yoast_head":"<!-- This site is optimized with the Yoast SEO plugin v27.4 - https:\/\/yoast.com\/product\/yoast-seo-wordpress\/ -->\n<title>Zubeh\u00f6r \u2335<\/title>\n<meta name=\"robots\" content=\"index, follow, max-snippet:-1, max-image-preview:large, max-video-preview:-1\" \/>\n<link rel=\"canonical\" href=\"https:\/\/pomi.dk\/de\/zubehoer\/\" \/>\n<meta property=\"og:locale\" content=\"de_DE\" \/>\n<meta property=\"og:type\" content=\"article\" \/>\n<meta property=\"og:title\" content=\"Zubeh\u00f6r \u2335\" \/>\n<meta property=\"og:description\" content=\"Gro\u00dfe Auswahl an Zubeh\u00f6r f\u00fcr Landmaschinen Bei POMI Industri Aps finden Sie ein breites Sortiment an Zubeh\u00f6r f\u00fcr Landmaschinen, darunter Bindegarn, Rundballennetze, Wickelfolie und Breitfolie. Wir beraten Sie gerne bei der Auswahl des passenden Zubeh\u00f6rs f\u00fcr Ihre Maschine oder Ihre individuellen Bed\u00fcrfnisse. Kontaktieren Sie uns Produkte ansehen Unser Zubeh\u00f6r Geschenkfolie Eine g\u00fcnstigere Methode zur Lagerung ... Weiterlesen ...\" \/>\n<meta property=\"og:url\" content=\"https:\/\/pomi.dk\/de\/zubehoer\/\" \/>\n<meta property=\"og:site_name\" content=\"POMI Industri Aps\" \/>\n<meta property=\"article:modified_time\" content=\"2026-03-30T11:46:50+00:00\" \/>\n<meta name=\"twitter:card\" content=\"summary_large_image\" \/>\n<meta name=\"twitter:label1\" content=\"Gesch\u00e4tzte Lesezeit\" \/>\n\t<meta name=\"twitter:data1\" content=\"1\u00a0Minute\" \/>\n<script type=\"application\/ld+json\" class=\"yoast-schema-graph\">{\"@context\":\"https:\\\/\\\/schema.org\",\"@graph\":[{\"@type\":\"WebPage\",\"@id\":\"https:\\\/\\\/pomi.dk\\\/de\\\/zubehoer\\\/\",\"url\":\"https:\\\/\\\/pomi.dk\\\/de\\\/zubehoer\\\/\",\"name\":\"Zubeh\u00f6r \u2335\",\"isPartOf\":{\"@id\":\"https:\\\/\\\/pomi.dk\\\/de\\\/#website\"},\"datePublished\":\"2026-02-05T10:37:16+00:00\",\"dateModified\":\"2026-03-30T11:46:50+00:00\",\"breadcrumb\":{\"@id\":\"https:\\\/\\\/pomi.dk\\\/de\\\/zubehoer\\\/#breadcrumb\"},\"inLanguage\":\"de\",\"potentialAction\":[{\"@type\":\"ReadAction\",\"target\":[\"https:\\\/\\\/pomi.dk\\\/de\\\/zubehoer\\\/\"]}]},{\"@type\":\"BreadcrumbList\",\"@id\":\"https:\\\/\\\/pomi.dk\\\/de\\\/zubehoer\\\/#breadcrumb\",\"itemListElement\":[{\"@type\":\"ListItem\",\"position\":1,\"name\":\"Forside\",\"item\":\"https:\\\/\\\/pomi.dk\\\/de\\\/\"},{\"@type\":\"ListItem\",\"position\":2,\"name\":\"Zubeh\u00f6r\"}]},{\"@type\":\"WebSite\",\"@id\":\"https:\\\/\\\/pomi.dk\\\/de\\\/#website\",\"url\":\"https:\\\/\\\/pomi.dk\\\/de\\\/\",\"name\":\"POMI Industri Aps\",\"description\":\"Landbrugsmaskiner til effektiv drift i hverdagen\",\"publisher\":{\"@id\":\"https:\\\/\\\/pomi.dk\\\/de\\\/#organization\"},\"potentialAction\":[{\"@type\":\"SearchAction\",\"target\":{\"@type\":\"EntryPoint\",\"urlTemplate\":\"https:\\\/\\\/pomi.dk\\\/de\\\/?s={search_term_string}\"},\"query-input\":{\"@type\":\"PropertyValueSpecification\",\"valueRequired\":true,\"valueName\":\"search_term_string\"}}],\"inLanguage\":\"de\"},{\"@type\":\"Organization\",\"@id\":\"https:\\\/\\\/pomi.dk\\\/de\\\/#organization\",\"name\":\"POMI Industri Aps\",\"url\":\"https:\\\/\\\/pomi.dk\\\/de\\\/\",\"logo\":{\"@type\":\"ImageObject\",\"inLanguage\":\"de\",\"@id\":\"https:\\\/\\\/pomi.dk\\\/de\\\/#\\\/schema\\\/logo\\\/image\\\/\",\"url\":\"https:\\\/\\\/pomi.dk\\\/wp-content\\\/uploads\\\/2026\\\/02\\\/logo.png\",\"contentUrl\":\"https:\\\/\\\/pomi.dk\\\/wp-content\\\/uploads\\\/2026\\\/02\\\/logo.png\",\"width\":333,\"height\":94,\"caption\":\"POMI Industri Aps\"},\"image\":{\"@id\":\"https:\\\/\\\/pomi.dk\\\/de\\\/#\\\/schema\\\/logo\\\/image\\\/\"}}]}<\/script>\n<!-- \/ Yoast SEO plugin. -->","yoast_head_json":{"title":"Zubeh\u00f6r \u2335","robots":{"index":"index","follow":"follow","max-snippet":"max-snippet:-1","max-image-preview":"max-image-preview:large","max-video-preview":"max-video-preview:-1"},"canonical":"https:\/\/pomi.dk\/de\/zubehoer\/","og_locale":"de_DE","og_type":"article","og_title":"Zubeh\u00f6r \u2335","og_description":"Gro\u00dfe Auswahl an Zubeh\u00f6r f\u00fcr Landmaschinen Bei POMI Industri Aps finden Sie ein breites Sortiment an Zubeh\u00f6r f\u00fcr Landmaschinen, darunter Bindegarn, Rundballennetze, Wickelfolie und Breitfolie. Wir beraten Sie gerne bei der Auswahl des passenden Zubeh\u00f6rs f\u00fcr Ihre Maschine oder Ihre individuellen Bed\u00fcrfnisse. Kontaktieren Sie uns Produkte ansehen Unser Zubeh\u00f6r Geschenkfolie Eine g\u00fcnstigere Methode zur Lagerung ... Weiterlesen ...","og_url":"https:\/\/pomi.dk\/de\/zubehoer\/","og_site_name":"POMI Industri Aps","article_modified_time":"2026-03-30T11:46:50+00:00","twitter_card":"summary_large_image","twitter_misc":{"Gesch\u00e4tzte Lesezeit":"1\u00a0Minute"},"schema":{"@context":"https:\/\/schema.org","@graph":[{"@type":"WebPage","@id":"https:\/\/pomi.dk\/de\/zubehoer\/","url":"https:\/\/pomi.dk\/de\/zubehoer\/","name":"Zubeh\u00f6r \u2335","isPartOf":{"@id":"https:\/\/pomi.dk\/de\/#website"},"datePublished":"2026-02-05T10:37:16+00:00","dateModified":"2026-03-30T11:46:50+00:00","breadcrumb":{"@id":"https:\/\/pomi.dk\/de\/zubehoer\/#breadcrumb"},"inLanguage":"de","potentialAction":[{"@type":"ReadAction","target":["https:\/\/pomi.dk\/de\/zubehoer\/"]}]},{"@type":"BreadcrumbList","@id":"https:\/\/pomi.dk\/de\/zubehoer\/#breadcrumb","itemListElement":[{"@type":"ListItem","position":1,"name":"Forside","item":"https:\/\/pomi.dk\/de\/"},{"@type":"ListItem","position":2,"name":"Zubeh\u00f6r"}]},{"@type":"WebSite","@id":"https:\/\/pomi.dk\/de\/#website","url":"https:\/\/pomi.dk\/de\/","name":"POMI Industri Aps","description":"Landbrugsmaskiner til effektiv drift i hverdagen","publisher":{"@id":"https:\/\/pomi.dk\/de\/#organization"},"potentialAction":[{"@type":"SearchAction","target":{"@type":"EntryPoint","urlTemplate":"https:\/\/pomi.dk\/de\/?s={search_term_string}"},"query-input":{"@type":"PropertyValueSpecification","valueRequired":true,"valueName":"search_term_string"}}],"inLanguage":"de"},{"@type":"Organization","@id":"https:\/\/pomi.dk\/de\/#organization","name":"POMI Industri Aps","url":"https:\/\/pomi.dk\/de\/","logo":{"@type":"ImageObject","inLanguage":"de","@id":"https:\/\/pomi.dk\/de\/#\/schema\/logo\/image\/","url":"https:\/\/pomi.dk\/wp-content\/uploads\/2026\/02\/logo.png","contentUrl":"https:\/\/pomi.dk\/wp-content\/uploads\/2026\/02\/logo.png","width":333,"height":94,"caption":"POMI Industri Aps"},"image":{"@id":"https:\/\/pomi.dk\/de\/#\/schema\/logo\/image\/"}}]}},"_links":{"self":[{"href":"https:\/\/pomi.dk\/de\/wp-json\/wp\/v2\/pages\/12644","targetHints":{"allow":["GET"]}}],"collection":[{"href":"https:\/\/pomi.dk\/de\/wp-json\/wp\/v2\/pages"}],"about":[{"href":"https:\/\/pomi.dk\/de\/wp-json\/wp\/v2\/types\/page"}],"author":[{"embeddable":true,"href":"https:\/\/pomi.dk\/de\/wp-json\/wp\/v2\/users\/1"}],"replies":[{"embeddable":true,"href":"https:\/\/pomi.dk\/de\/wp-json\/wp\/v2\/comments?post=12644"}],"version-history":[{"count":6,"href":"https:\/\/pomi.dk\/de\/wp-json\/wp\/v2\/pages\/12644\/revisions"}],"predecessor-version":[{"id":13292,"href":"https:\/\/pomi.dk\/de\/wp-json\/wp\/v2\/pages\/12644\/revisions\/13292"}],"wp:attachment":[{"href":"https:\/\/pomi.dk\/de\/wp-json\/wp\/v2\/media?parent=12644"}],"wp:term":[{"taxonomy":"category","embeddable":true,"href":"https:\/\/pomi.dk\/de\/wp-json\/wp\/v2\/categories?post=12644"}],"curies":[{"name":"wp","href":"https:\/\/api.w.org\/{rel}","templated":true}]}}